{"id":1016,"date":"2018-08-25T16:49:55","date_gmt":"2018-08-25T14:49:55","guid":{"rendered":"http:\/\/localhost:8888\/julia\/?page_id=1016"},"modified":"2025-12-02T12:21:19","modified_gmt":"2025-12-02T11:21:19","slug":"studio-visits","status":"publish","type":"page","link":"https:\/\/www.juliarosenbaum.com\/?page_id=1016","title":{"rendered":"StudioVisits"},"content":{"rendered":"<section class=\"wpb-content-wrapper\"><p>[vc_row][vc_column][vc_single_image image=&#8220;1659&#8243; img_size=&#8220;full&#8220;][\/vc_column][\/vc_row][vc_row overlay_dotted=&#8220;&#8220; css=&#8220;.vc_custom_1538417084827{margin-top: 50px !important;margin-right: 50px !important;margin-left: 50px !important;background-color: #f7f8f9 !important;}&#8220;][vc_column][vc_row_inner equal_height=&#8220;yes&#8220; content_placement=&#8220;top&#8220;][vc_column_inner css=&#8220;.vc_custom_1536092850716{margin-right: 0px !important;}&#8220;][vc_column_text]<\/p>\n<h1>StudioVisits<\/h1>\n<p>[\/vc_column_text][\/vc_column_inner][\/vc_row_inner][vc_row_inner equal_height=&#8220;yes&#8220; content_placement=&#8220;top&#8220; gap=&#8220;35&#8243;][vc_column_inner width=&#8220;1\/2&#8243; css=&#8220;.vc_custom_1538822911172{margin-right: 0px !important;margin-left: 0px !important;}&#8220;][vc_column_text]<\/p>\n<p class=\"p1\">Ateliers\u00a0sind Orte der Arbeit, Inspiration und Innovation. Mit der 2014 gegr\u00fcndeten Initiative StudioVisits erm\u00f6gliche ich Ihnen, den K\u00fcnstler*innen und seine Arbeit im pers\u00f6nlichen Gespr\u00e4ch kennenzulernen. Sie erhalten intime Einblicke in\u00a0die Kunstproduktion und werfen einen Blick hinter die\u00a0Kulissen des \u201eMythos\u00a0Atelier\u201c. Dank meiner langj\u00e4hrigen Erfahrungen und Netzwerke im Kunstbetrieb er\u00f6ffnet Ihnen StudioVisits neue Perspektiven auf aktuelle Tendenzen der Kunstszene.<\/p>\n<p>[\/vc_column_text][vc_empty_space height=&#8220;20px&#8220;][vc_column_text]<\/p>\n<h3 class=\"m-dash\">MONATLICHE STUDIOVISITS<\/h3>\n<p>Einmal im Monat erhalten Sie die M\u00f6glichkeit, an einem moderierten K\u00fcnstlergespr\u00e4ch im Atelier teilzunehmen. Anl\u00e4sslich einer Ausstellung, einer Residency oder einer Publikation bekommen Sie Einblicke in das aktuelle Werk und die Arbeitsbedingungen und lernen damit einen Teil der jungen, internationalen und facettenreichen Kunstszene Berlins kennen. In der Vergangenheit war StudioVisits zu Gast u.a. bei Jonas Burgert, Eli Cortinas, Elmgreen &amp; Dragset, Gregor Hildebrandt, Cyrill Lachauer, Nanne Meyer, Andreas M\u00fche, Karin Sander, Kathrin Sonntag und Nasan Tur.[\/vc_column_text][vc_empty_space height=&#8220;20px&#8220;][\/vc_column_inner][vc_column_inner width=&#8220;1\/2&#8243; css=&#8220;.vc_custom_1538822895269{margin-right: 0px !important;margin-left: 0px !important;}&#8220;][vc_column_text]<\/p>\n<h3 class=\"m-dash\">PRIVATE STUDIOVISITS<\/h3>\n<p>Einzelpersonen, Gruppen oder Firmen k\u00f6nnen StudioVisits exklusiv buchen. Jeden Atelierbesuch stimme ich vorab auf Ihre W\u00fcnsche ab: Interessieren Sie sich f\u00fcr Malerei oder Fotografie? M\u00f6chten Sie etablierte K\u00fcnstler*innen besuchen oder bevorzugen Sie einen Rundgang durch die Ateliers Berliner Akademiestudenten? Die individuell konzipierten Atelierbesuche dauern 1-1,5 Stunden und k\u00f6nnen f\u00fcr deutsch- oder englischsprachige Gruppen bis zu 15 Personen gebucht werden. Gerne berate ich Sie.[\/vc_column_text][vc_empty_space height=&#8220;20px&#8220;]<a class=\"elstn-btn  elstn-btn-medium elstn-btn-two elstn-btn-69ea291b20782\" href=\"http:\/\/www.juliarosenbaum.com\/wp-content\/uploads\/2020\/04\/Rosenbaum_StudioVisits_E.pdf\" target=\"_blank\"><span class=\"btn-text\">Studiovisits PDF<\/span><\/a>[vc_empty_space height=&#8220;40px&#8220;][\/vc_column_inner][\/vc_row_inner][vc_row_inner equal_height=&#8220;yes&#8220; content_placement=&#8220;top&#8220; gap=&#8220;35&#8243;][vc_column_inner css=&#8220;.vc_custom_1540228510427{margin-right: 0px !important;margin-left: 0px !important;}&#8220; offset=&#8220;vc_hidden-sm vc_hidden-xs&#8220;][vc_empty_space height=&#8220;30px&#8220;][\/vc_column_inner][\/vc_row_inner][\/vc_column][\/vc_row][vc_row overlay_dotted=&#8220;&#8220; css=&#8220;.vc_custom_1538416301572{background-color: #f7f8f9 !important;}&#8220;][vc_column][vc_row_inner equal_height=&#8220;yes&#8220; content_placement=&#8220;top&#8220; css=&#8220;.vc_custom_1538581784421{margin-right: 40px !important;margin-left: 40px !important;}&#8220;][vc_column_inner width=&#8220;1\/3&#8243; css=&#8220;.vc_custom_1538581791203{margin-right: 10px !important;}&#8220;][vc_single_image image=&#8220;1406&#8243; img_size=&#8220;full&#8220; css=&#8220;.vc_custom_1764665558995{margin-bottom: 15px !important;}&#8220;][vc_column_text]Studio Karin Sander[\/vc_column_text][vc_empty_space height=&#8220;40px&#8220;][vc_single_image image=&#8220;1656&#8243; img_size=&#8220;full&#8220; css=&#8220;.vc_custom_1764665584059{margin-bottom: 15px !important;}&#8220;][vc_column_text]Studio Emeka Ogboh[\/vc_column_text][vc_empty_space height=&#8220;40px&#8220;][vc_single_image image=&#8220;1403&#8243; img_size=&#8220;full&#8220; css=&#8220;.vc_custom_1764665589427{margin-bottom: 15px !important;}&#8220;][vc_column_text]Studio Nathan Peter[\/vc_column_text][vc_empty_space height=&#8220;40px&#8220;][vc_single_image image=&#8220;1732&#8243; img_size=&#8220;full&#8220; css=&#8220;.vc_custom_1764665614554{margin-bottom: 15px !important;}&#8220;][vc_column_text]Studio Michelle Jezierski[\/vc_column_text][vc_empty_space height=&#8220;40px&#8220;][\/vc_column_inner][vc_column_inner width=&#8220;1\/3&#8243; css=&#8220;.vc_custom_1538581799003{margin-right: 5px !important;margin-left: 5px !important;}&#8220;][vc_single_image image=&#8220;1657&#8243; img_size=&#8220;full&#8220; css=&#8220;.vc_custom_1764665550849{margin-bottom: 15px !important;}&#8220;][vc_column_text]Studio Andrea Gr\u00fctzner[\/vc_column_text][vc_empty_space height=&#8220;40px&#8220;][vc_single_image image=&#8220;1402&#8243; img_size=&#8220;full&#8220; css=&#8220;.vc_custom_1764665577275{margin-bottom: 15px !important;}&#8220;][vc_column_text]Studio Sven Dr\u00fchl[\/vc_column_text][vc_empty_space height=&#8220;40px&#8220;][vc_single_image image=&#8220;1405&#8243; img_size=&#8220;full&#8220; css=&#8220;.vc_custom_1764665596436{margin-bottom: 15px !important;}&#8220;][vc_column_text]Studio Laura Bruce[\/vc_column_text][vc_empty_space height=&#8220;40px&#8220;][vc_single_image image=&#8220;1411&#8243; img_size=&#8220;full&#8220; css=&#8220;.vc_custom_1764665644717{margin-bottom: 15px !important;}&#8220;][vc_column_text]Studio Chris Engman[\/vc_column_text][vc_empty_space height=&#8220;40px&#8220;][\/vc_column_inner][vc_column_inner width=&#8220;1\/3&#8243; css=&#8220;.vc_custom_1538581807216{margin-left: 10px !important;}&#8220;][vc_single_image image=&#8220;1401&#8243; img_size=&#8220;full&#8220; css=&#8220;.vc_custom_1764665564232{margin-bottom: 15px !important;}&#8220;][vc_column_text]Studio Elmgreen &amp; Dragset[\/vc_column_text][vc_empty_space height=&#8220;40px&#8220;][vc_single_image image=&#8220;1398&#8243; img_size=&#8220;full&#8220; css=&#8220;.vc_custom_1764665570302{margin-bottom: 15px !important;}&#8220;][vc_column_text]Studio Alexander Wagner[\/vc_column_text][vc_empty_space height=&#8220;40px&#8220;][vc_single_image image=&#8220;1731&#8243; img_size=&#8220;full&#8220; css=&#8220;.vc_custom_1764665602867{margin-bottom: 15px !important;}&#8220;][vc_column_text]Studio Tobias Zielony[\/vc_column_text][vc_empty_space height=&#8220;40px&#8220;][vc_single_image image=&#8220;1658&#8243; img_size=&#8220;full&#8220; css=&#8220;.vc_custom_1764665650995{margin-bottom: 15px !important;}&#8220;][vc_column_text]Studio Haleh Redjaian[\/vc_column_text][vc_empty_space height=&#8220;40px&#8220;][\/vc_column_inner][\/vc_row_inner][\/vc_column][\/vc_row][vc_row][vc_column][vc_column_text]<\/p>\n<p>[\/vc_column_text][\/vc_column][\/vc_row]<\/p>\n<\/section>","protected":false},"excerpt":{"rendered":"[vc_row][vc_column][vc_single_image image=&#8220;1659&#8243; img_size=&#8220;full&#8220;][\/vc_column][\/vc_row][vc_row overlay_dotted=&#8220;&#8220; css=&#8220;.vc_custom_1538417084827{margin-top: 50px !important;margin-right: 50px !important;margin-left: 50px !important;background-color: #f7f8f9 !important;}&#8220;][vc_column][vc_row_inner","protected":false},"author":1,"featured_media":0,"parent":0,"menu_order":0,"comment_status":"closed","ping_status":"closed","template":"","meta":{"_acf_changed":false,"footnotes":""},"acf":[],"_links":{"self":[{"href":"https:\/\/www.juliarosenbaum.com\/index.php?rest_route=\/wp\/v2\/pages\/1016"}],"collection":[{"href":"https:\/\/www.juliarosenbaum.com\/index.php?rest_route=\/wp\/v2\/pages"}],"about":[{"href":"https:\/\/www.juliarosenbaum.com\/index.php?rest_route=\/wp\/v2\/types\/page"}],"author":[{"embeddable":true,"href":"https:\/\/www.juliarosenbaum.com\/index.php?rest_route=\/wp\/v2\/users\/1"}],"replies":[{"embeddable":true,"href":"https:\/\/www.juliarosenbaum.com\/index.php?rest_route=%2Fwp%2Fv2%2Fcomments&post=1016"}],"version-history":[{"count":60,"href":"https:\/\/www.juliarosenbaum.com\/index.php?rest_route=\/wp\/v2\/pages\/1016\/revisions"}],"predecessor-version":[{"id":2435,"href":"https:\/\/www.juliarosenbaum.com\/index.php?rest_route=\/wp\/v2\/pages\/1016\/revisions\/2435"}],"wp:attachment":[{"href":"https:\/\/www.juliarosenbaum.com\/index.php?rest_route=%2Fwp%2Fv2%2Fmedia&parent=1016"}],"curies":[{"name":"wp","href":"https:\/\/api.w.org\/{rel}","templated":true}]}}