{"id":1014,"date":"2018-08-25T16:49:27","date_gmt":"2018-08-25T14:49:27","guid":{"rendered":"http:\/\/localhost:8888\/julia\/?page_id=1014"},"modified":"2025-11-14T14:53:01","modified_gmt":"2025-11-14T13:53:01","slug":"kunstberatung","status":"publish","type":"page","link":"https:\/\/www.juliarosenbaum.com\/?page_id=1014","title":{"rendered":"Kunstberatung"},"content":{"rendered":"<section class=\"wpb-content-wrapper\"><p>[vc_row][vc_column][vc_single_image image=&#8220;1665&#8243; img_size=&#8220;full&#8220;][\/vc_column][\/vc_row][vc_row overlay_dotted=&#8220;&#8220; css=&#8220;.vc_custom_1538418082691{margin-top: 50px !important;margin-right: 50px !important;margin-left: 50px !important;background-color: #f7f8f9 !important;}&#8220;][vc_column][vc_row_inner equal_height=&#8220;yes&#8220; content_placement=&#8220;top&#8220;][vc_column_inner css=&#8220;.vc_custom_1536092850716{margin-right: 0px !important;}&#8220;][vc_column_text]<\/p>\n<h1>Art Advisory<\/h1>\n<p>[\/vc_column_text][\/vc_column_inner][\/vc_row_inner][vc_row_inner equal_height=&#8220;yes&#8220; content_placement=&#8220;top&#8220; gap=&#8220;35&#8243;][vc_column_inner width=&#8220;1\/2&#8243; css=&#8220;.vc_custom_1538418118402{margin-right: 0px !important;margin-left: 0px !important;}&#8220;][vc_column_text]<\/p>\n<p class=\"p1\"><span class=\"s1\">Kunst zu kaufen und zu sammeln, kann viele gute Gr\u00fcnde haben: Die Liebe zur Kunst, die F\u00f6rderung von Talenten oder der Glaube an Kunst als Kapitalanlage.<br \/>\n<\/span><span class=\"s1\">Die zeitgen\u00f6ssische Kunstszene ist f\u00fcr Au\u00dfenstehende so spannend wie un\u00fcbersichtlich. <\/span><br \/>\n<span class=\"s1\">Junge Bildhauer*innen aufzusp\u00fcren und zu f\u00f6rdern oder Werke bereits etablierter Maler*innen zu kaufen, kann eine faszinierende T\u00e4tigkeit und hervorragende Investition sein. Doch die Bewertung eines Kunstwerks h\u00e4ngt von zahlreichen Faktoren ab, welche die Kaufentscheidung oft nicht leicht machen.<\/span><\/p>\n<p>[\/vc_column_text][vc_empty_space height=&#8220;20px&#8220;][vc_column_text]<\/p>\n<h3 class=\"m-dash\">Worauf kommt es an?<\/h3>\n<p>Als unabh\u00e4ngige Kunstberaterin unterst\u00fctze ich Sie dabei, aufstrebende K\u00fcnstler*innen sowie signifikante Str\u00f6mungen des Marktes im Vorfeld zu identifizieren und mit Ihnen die richtige Kaufentscheidung zu treffen. Dabei greife ich auf langj\u00e4hrige Erfahrung und vertrauensvolle Netzwerke im internationalen zeitgen\u00f6ssischen Kunstmarkt zur\u00fcck. Fachwissen, Diskretion, Unabh\u00e4ngigkeit, Erfahrung und Objektivit\u00e4t sind die Grunds\u00e4tze meiner Beratung.[\/vc_column_text][vc_empty_space height=&#8220;20px&#8220;][\/vc_column_inner][vc_column_inner width=&#8220;1\/2&#8243; css=&#8220;.vc_custom_1538418129724{margin-right: 0px !important;margin-left: 0px !important;}&#8220;][vc_column_text]<\/p>\n<h3 class=\"m-dash\">Mein Angebot f\u00fcr Sie<\/h3>\n<p>Ob Sie Erstk\u00e4ufer*in oder langj\u00e4hrige Sammler*in, Privatperson oder Unternehmer*in sind, jede Beratung wird an der H\u00f6he Ihres Budgets ausgerichtet und auf Ihre W\u00fcnsche abgestimmt:<\/p>\n<ul class=\"dashed\">\n<li>Ausf\u00fchrliches Informationsgespr\u00e4ch und individuelle Beratung<\/li>\n<li>Erstellung einer ma\u00dfgeschneiderten Auswahl einzelner Kunstwerke oder eines strategischen Grundkonzepts f\u00fcr eine Sammlung<\/li>\n<li>Unterst\u00fctzung im Auswahlprozess und Beratung \u00fcber die qualit\u00e4tsvollste Arbeit aus kunstwissenschaftlicher Sicht<\/li>\n<li>Korrespondenz mit der Galerie bzw. dem K\u00fcnstler*in w\u00e4hrend der gesamten Beratungszeit<\/li>\n<li>Preisverhandlungen mit der Galerie bzw. dem\/der K\u00fcnstler*in<\/li>\n<li>Beratung und Projektorganisation: Probeh\u00e4ngung, Rahmung, Transport, Installation, Kunstversicherung<\/li>\n<li>Kaufabwicklung, Organisation des Zertifikats und Abbildungen nach Erwerb<\/li>\n<li>Aufbau bzw. Erg\u00e4nzung von Sammlungen<\/li>\n<li>Bestandsaufnahme und Bewertung Ihrer Sammlung bzw. einzelner Kunstwerke<\/li>\n<li>Beratung und Projektorganisation von Auftragsarbeiten<\/li>\n<li>Organisation der Analyse von Echtheit, Zustand und Provenienz von Kunstwerken<\/li>\n<li>Erbschaft von Kunstwerken: Strategische Beratung und Durchf\u00fchrung der Abwicklung<\/li>\n<li>Auktionen: Beratung bei der Auswahl von Auktionsangeboten und Begleitung beim Kaufprozess<\/li>\n<li>Fachkundige Begleitung auf Kunstmessen (frieze, Art Basel, Art Cologne etc.) und bei Galerie- und Atelierbesuchen<\/li>\n<\/ul>\n<p>[\/vc_column_text][vc_empty_space height=&#8220;30px&#8220;][vc_column_text]In der\u00a0Kunstberatung f\u00fchren viele Wege ans Ziel \u2013 gemeinsam\u00a0finden wir Ihren.\u00a0Gerne berate ich Sie.[\/vc_column_text][vc_empty_space height=&#8220;20px&#8220;]<a class=\"elstn-btn  elstn-btn-medium elstn-btn-two elstn-btn-69ea2b74124d9\" href=\"http:\/\/www.juliarosenbaum.com\/wp-content\/uploads\/2020\/04\/Rosenbaum_Art-Advisory_D.pdf\" target=\"_blank\"><span class=\"btn-text\">Kunstberatung PDF<\/span><\/a>[vc_empty_space height=&#8220;30px&#8220;][\/vc_column_inner][\/vc_row_inner][\/vc_column][\/vc_row][vc_row overlay_dotted=&#8220;&#8220; css=&#8220;.vc_custom_1538415941902{background-color: #f7f8f9 !important;}&#8220;][vc_column][vc_row_inner equal_height=&#8220;yes&#8220; content_placement=&#8220;top&#8220; disable_element=&#8220;yes&#8220; css=&#8220;.vc_custom_1539789974543{margin-right: 40px !important;margin-left: 40px !important;}&#8220;][vc_column_inner width=&#8220;1\/3&#8243; css=&#8220;.vc_custom_1538584147205{margin-right: 10px !important;}&#8220;][vc_single_image image=&#8220;1392&#8243; img_size=&#8220;full&#8220; css=&#8220;.vc_custom_1537451385266{margin-top: 40px !important;}&#8220;][vc_column_text]Studio Sven Dr\u00fchl[\/vc_column_text][vc_empty_space height=&#8220;40px&#8220;][vc_single_image image=&#8220;1390&#8243; img_size=&#8220;full&#8220;][vc_column_text]Studio Yvonne Roeb[\/vc_column_text][vc_empty_space height=&#8220;40px&#8220;][vc_single_image image=&#8220;1835&#8243; img_size=&#8220;full&#8220;][vc_column_text]Booklet: Nanne Meyer[\/vc_column_text][vc_empty_space height=&#8220;40px&#8220;][vc_single_image image=&#8220;1839&#8243; img_size=&#8220;full&#8220;][vc_column_text]Booklet: Nanne Meyer[\/vc_column_text][vc_empty_space height=&#8220;40px&#8220;][\/vc_column_inner][vc_column_inner width=&#8220;1\/3&#8243; css=&#8220;.vc_custom_1538584155999{margin-right: 5px !important;margin-left: 5px !important;}&#8220;][vc_single_image image=&#8220;1393&#8243; img_size=&#8220;full&#8220; css=&#8220;.vc_custom_1537451372069{margin-top: 40px !important;}&#8220;][vc_column_text]Studio Andrea Gr\u00fctzner[\/vc_column_text][vc_empty_space height=&#8220;40px&#8220;][vc_single_image image=&#8220;1664&#8243; img_size=&#8220;full&#8220;][vc_column_text]Studio Chris Engman[\/vc_column_text][vc_empty_space height=&#8220;40px&#8220;][vc_single_image image=&#8220;1836&#8243; img_size=&#8220;full&#8220;][vc_column_text]Anne Kathrin Ahrens &amp; Sarah Bohn[\/vc_column_text][vc_empty_space height=&#8220;40px&#8220;][vc_single_image image=&#8220;1840&#8243; img_size=&#8220;full&#8220;][vc_column_text]Anne Kathrin Ahrens &amp; Sarah Bohn[\/vc_column_text][vc_empty_space height=&#8220;40px&#8220;][\/vc_column_inner][vc_column_inner width=&#8220;1\/3&#8243; css=&#8220;.vc_custom_1538584167601{margin-right: 0px !important;margin-left: 10px !important;}&#8220;][vc_single_image image=&#8220;1391&#8243; img_size=&#8220;full&#8220; css=&#8220;.vc_custom_1537451378760{margin-top: 40px !important;}&#8220;][vc_column_text]Studio Jonas Burgert[\/vc_column_text][vc_empty_space height=&#8220;40px&#8220;][vc_single_image image=&#8220;1663&#8243; img_size=&#8220;full&#8220;][vc_column_text]Studio Eli Cortinas[\/vc_column_text][vc_empty_space height=&#8220;40px&#8220;][vc_single_image image=&#8220;1837&#8243; img_size=&#8220;full&#8220;][vc_column_text]Larissa Fassler[\/vc_column_text][vc_empty_space height=&#8220;40px&#8220;][vc_single_image image=&#8220;1838&#8243; img_size=&#8220;full&#8220;][vc_column_text]Larissa Fassler[\/vc_column_text][vc_empty_space height=&#8220;40px&#8220;][\/vc_column_inner][\/vc_row_inner][\/vc_column][\/vc_row]<\/p>\n<\/section>","protected":false},"excerpt":{"rendered":"[vc_row][vc_column][vc_single_image image=&#8220;1665&#8243; img_size=&#8220;full&#8220;][\/vc_column][\/vc_row][vc_row overlay_dotted=&#8220;&#8220; css=&#8220;.vc_custom_1538418082691{margin-top: 50px !important;margin-right: 50px !important;margin-left: 50px !important;background-color: #f7f8f9 !important;}&#8220;][vc_column][vc_row_inner","protected":false},"author":1,"featured_media":0,"parent":0,"menu_order":0,"comment_status":"closed","ping_status":"closed","template":"","meta":{"_acf_changed":false,"footnotes":""},"acf":[],"_links":{"self":[{"href":"https:\/\/www.juliarosenbaum.com\/index.php?rest_route=\/wp\/v2\/pages\/1014"}],"collection":[{"href":"https:\/\/www.juliarosenbaum.com\/index.php?rest_route=\/wp\/v2\/pages"}],"about":[{"href":"https:\/\/www.juliarosenbaum.com\/index.php?rest_route=\/wp\/v2\/types\/page"}],"author":[{"embeddable":true,"href":"https:\/\/www.juliarosenbaum.com\/index.php?rest_route=\/wp\/v2\/users\/1"}],"replies":[{"embeddable":true,"href":"https:\/\/www.juliarosenbaum.com\/index.php?rest_route=%2Fwp%2Fv2%2Fcomments&post=1014"}],"version-history":[{"count":93,"href":"https:\/\/www.juliarosenbaum.com\/index.php?rest_route=\/wp\/v2\/pages\/1014\/revisions"}],"predecessor-version":[{"id":2432,"href":"https:\/\/www.juliarosenbaum.com\/index.php?rest_route=\/wp\/v2\/pages\/1014\/revisions\/2432"}],"wp:attachment":[{"href":"https:\/\/www.juliarosenbaum.com\/index.php?rest_route=%2Fwp%2Fv2%2Fmedia&parent=1014"}],"curies":[{"name":"wp","href":"https:\/\/api.w.org\/{rel}","templated":true}]}}